{"id":11,"date":"2015-08-23T22:23:30","date_gmt":"2015-08-23T21:23:30","guid":{"rendered":"http:\/\/www.lacourconsultants.fr\/?page_id=11"},"modified":"2021-09-26T12:01:59","modified_gmt":"2021-09-26T10:01:59","slug":"c-s-p-s","status":"publish","type":"page","link":"https:\/\/www.lacourconsultants.fr\/index.php\/c-s-p-s\/","title":{"rendered":"C.S.P.S"},"content":{"rendered":"<div class=\"entry-content\">\n<p><strong>La Coordination S\u00e9curit\u00e9 et Protection de la Sant\u00e9<\/strong><br><em>(d\u00e9cret N\u00b02003-68 du 24 janvier 2003)<\/em> niveau 01-02-03<\/p>\n<p>D\u00e8s la phase de conception, nous intervenons pour \u00e9valuer et \u00e9viter les risques pendant les travaux sur tous les chantiers de b\u00e2timent ou de g\u00e9nie civil sur lesquels interviennent plusieurs entreprises.<\/p>\n<ul class=\"spip\">\n<li>Nous mettons en application et veillons \u00e0 la bonne mise en \u0153uvre des principes g\u00e9n\u00e9raux de pr\u00e9vention durant les phases de conception, de r\u00e9alisation et d\u2019intervention ult\u00e9rieure sur l\u2019ouvrage.<\/li>\n<\/ul>\n<ul class=\"spip\">\n<li>Nous recherchons les risques d\u2019accident et de sant\u00e9 d\u00e9coulant de la coactivit\u00e9 durant ces trois phases.<\/li>\n<\/ul>\n<ul class=\"spip\">\n<li>Nous assistons le maitre d\u2019ouvrage dans la d\u00e9claration pr\u00e9alable des travaux.<\/li>\n<\/ul>\n<ul class=\"spip\">\n<li>Nous assistons le maitre d\u2019ouvrage et le maitre d\u2019\u0153uvre dans l\u2019avant projet sommaire (APS).<\/li>\n<\/ul>\n<ul class=\"spip\">\n<li>Nous \u00e9tablissons le dossier des interventions ult\u00e9rieures sur l\u2019ouvrage (DIUO) d\u00e8s l\u2019APS.<\/li>\n<\/ul>\n<ul class=\"spip\">\n<li>Nous \u00e9tablissons le registre journal d\u00e8s l\u2019APS \u2013 Contenu d\u00e9taill\u00e9.<\/li>\n<\/ul>\n<ul class=\"spip\">\n<li>Nous \u00e9tablissons le plan g\u00e9n\u00e9ral de coordination d\u00e8s l\u2019APS \u2013 Contenu d\u00e9taill\u00e9 et adapt\u00e9 \u00e0 l\u2019op\u00e9ration.<\/li>\n<\/ul>\n<ul class=\"spip\">\n<li>Nous mettons \u00e0 jour le PGC par avenants tout au long du chantier.<\/li>\n<\/ul>\n<ul class=\"spip\">\n<li>Nous diffusons et communiquons les informations des PPSPS.<\/li>\n<\/ul>\n<ul class=\"spip\">\n<li>Nous harmonisons les PPSPS des entreprises et sous-traitants \u2013 Contenu d\u00e9taill\u00e9 pour avenants PGC.<\/li>\n<\/ul>\n<ul class=\"spip\">\n<li>Nous constituons, pr\u00e9sidons et participons \u00e0 l\u2019action du CISSCT si existant.<\/li>\n<\/ul>\n<ul class=\"spip\">\n<li>Nous diffusons les PV du CISSCT au CHSCT et d\u00e9l\u00e9gu\u00e9s du personnel.<\/li>\n<\/ul>\n<ul class=\"spip\">\n<li>Nous remettons le DIUO au maitre d\u2019ouvrage lors de la r\u00e9ception de l\u2019ouvrage.<\/li>\n<\/ul>\n<ul class=\"spip\">\n<li>Nous archivons et conservons le registre-journal pendant 5 ans.\n<p><\/p>\n<p><strong><em>Un seul objectif&nbsp;: pr\u00e9venir les risques d\u2019accidents&nbsp;!<\/em>&nbsp;<br><\/strong><\/p>\n<\/li>\n<\/ul>\n<\/div>\n\n\n<figure class=\"wp-block-image\"><img loading=\"lazy\" width=\"500\" height=\"333\" src=\"http:\/\/lacourconsultants.fr\/wp-content\/uploads\/2019\/10\/securite-chantier.jpg\" alt=\"\" class=\"wp-image-206\" srcset=\"https:\/\/www.lacourconsultants.fr\/wp-content\/uploads\/2019\/10\/securite-chantier.jpg 500w, https:\/\/www.lacourconsultants.fr\/wp-content\/uploads\/2019\/10\/securite-chantier-300x200.jpg 300w, https:\/\/www.lacourconsultants.fr\/wp-content\/uploads\/2019\/10\/securite-chantier-263x175.jpg 263w\" sizes=\"(max-width: 500px) 100vw, 500px\" \/><\/figure>\n","protected":false},"excerpt":{"rendered":"<p>La Coordination S\u00e9curit\u00e9 et Protection de la Sant\u00e9(d\u00e9cret N\u00b02003-68 du 24 janvier 2003) niveau 01-02-03 D\u00e8s la phase de conception, nous intervenons pour \u00e9valuer et \u00e9viter les risques pendant les&hellip;<\/p>\n","protected":false},"author":1,"featured_media":0,"parent":0,"menu_order":0,"comment_status":"closed","ping_status":"closed","template":"page-penci-full-width.php","meta":[],"_links":{"self":[{"href":"https:\/\/www.lacourconsultants.fr\/index.php\/wp-json\/wp\/v2\/pages\/11"}],"collection":[{"href":"https:\/\/www.lacourconsultants.fr\/index.php\/wp-json\/wp\/v2\/pages"}],"about":[{"href":"https:\/\/www.lacourconsultants.fr\/index.php\/wp-json\/wp\/v2\/types\/page"}],"author":[{"embeddable":true,"href":"https:\/\/www.lacourconsultants.fr\/index.php\/wp-json\/wp\/v2\/users\/1"}],"replies":[{"embeddable":true,"href":"https:\/\/www.lacourconsultants.fr\/index.php\/wp-json\/wp\/v2\/comments?post=11"}],"version-history":[{"count":2,"href":"https:\/\/www.lacourconsultants.fr\/index.php\/wp-json\/wp\/v2\/pages\/11\/revisions"}],"predecessor-version":[{"id":419,"href":"https:\/\/www.lacourconsultants.fr\/index.php\/wp-json\/wp\/v2\/pages\/11\/revisions\/419"}],"wp:attachment":[{"href":"https:\/\/www.lacourconsultants.fr\/index.php\/wp-json\/wp\/v2\/media?parent=11"}],"curies":[{"name":"wp","href":"https:\/\/api.w.org\/{rel}","templated":true}]}}