{"id":13,"date":"2015-08-23T22:23:47","date_gmt":"2015-08-23T21:23:47","guid":{"rendered":"http:\/\/www.lacourconsultants.fr\/?page_id=13"},"modified":"2021-09-26T12:01:46","modified_gmt":"2021-09-26T10:01:46","slug":"diagnostics-avant-travaux","status":"publish","type":"page","link":"https:\/\/www.lacourconsultants.fr\/index.php\/diagnostics-avant-travaux\/","title":{"rendered":"DIAGNOSTICS AVANT TRAVAUX"},"content":{"rendered":"<div class=\"entry-content\">\n<p>Notre \u00e9quipe r\u00e9alise les diff\u00e9rents DIAGNOSTICS AVANT TRAVAUX dont vous avez besoin, \u00e0 savoir&nbsp;:<\/p>\n<ul>\n<li><strong>Le rapport amiante avant travaux<\/strong>, suivant le d\u00e9cret du 03 juin 2011,<\/li>\n<li><strong>Le rapport plomb avant travaux<\/strong>, obligatoire si la construction a \u00e9t\u00e9 faite avant 1949,<\/li>\n<li><strong>Le rapport silice avant travaux<\/strong>, suivant article R. 4412-1 du Code du Travail.<\/li>\n<\/ul>\n<p>Par ailleurs, nous r\u00e9alisons \u00e9galement le diagnostic thermique dans le but de v\u00e9rifier les d\u00e9perditions thermiques. Notre \u00e9quipement est notamment compos\u00e9 d\u2019une cam\u00e9ra infrarouge et d\u2019un humidim\u00e8tre.<\/p>\n<\/div>\n\n\n<figure class=\"wp-block-image\"><img loading=\"lazy\" width=\"500\" height=\"338\" src=\"http:\/\/lacourconsultants.fr\/wp-content\/uploads\/2019\/10\/diagnotics-chantiers-avant-travaux.jpg\" alt=\"\" class=\"wp-image-199\" srcset=\"https:\/\/www.lacourconsultants.fr\/wp-content\/uploads\/2019\/10\/diagnotics-chantiers-avant-travaux.jpg 500w, https:\/\/www.lacourconsultants.fr\/wp-content\/uploads\/2019\/10\/diagnotics-chantiers-avant-travaux-300x203.jpg 300w\" sizes=\"(max-width: 500px) 100vw, 500px\" \/><\/figure>\n","protected":false},"excerpt":{"rendered":"<p>Notre \u00e9quipe r\u00e9alise les diff\u00e9rents DIAGNOSTICS AVANT TRAVAUX dont vous avez besoin, \u00e0 savoir&nbsp;: Le rapport amiante avant travaux, suivant le d\u00e9cret du 03 juin 2011, Le rapport plomb avant&hellip;<\/p>\n","protected":false},"author":1,"featured_media":0,"parent":0,"menu_order":0,"comment_status":"closed","ping_status":"closed","template":"page-penci-full-width.php","meta":[],"_links":{"self":[{"href":"https:\/\/www.lacourconsultants.fr\/index.php\/wp-json\/wp\/v2\/pages\/13"}],"collection":[{"href":"https:\/\/www.lacourconsultants.fr\/index.php\/wp-json\/wp\/v2\/pages"}],"about":[{"href":"https:\/\/www.lacourconsultants.fr\/index.php\/wp-json\/wp\/v2\/types\/page"}],"author":[{"embeddable":true,"href":"https:\/\/www.lacourconsultants.fr\/index.php\/wp-json\/wp\/v2\/users\/1"}],"replies":[{"embeddable":true,"href":"https:\/\/www.lacourconsultants.fr\/index.php\/wp-json\/wp\/v2\/comments?post=13"}],"version-history":[{"count":3,"href":"https:\/\/www.lacourconsultants.fr\/index.php\/wp-json\/wp\/v2\/pages\/13\/revisions"}],"predecessor-version":[{"id":418,"href":"https:\/\/www.lacourconsultants.fr\/index.php\/wp-json\/wp\/v2\/pages\/13\/revisions\/418"}],"wp:attachment":[{"href":"https:\/\/www.lacourconsultants.fr\/index.php\/wp-json\/wp\/v2\/media?parent=13"}],"curies":[{"name":"wp","href":"https:\/\/api.w.org\/{rel}","templated":true}]}}