{"id":596,"date":"2021-10-16T16:17:53","date_gmt":"2021-10-16T14:17:53","guid":{"rendered":"https:\/\/www.lacourconsultants.fr\/?page_id=596"},"modified":"2021-10-23T11:50:14","modified_gmt":"2021-10-23T09:50:14","slug":"plan-de-prevention","status":"publish","type":"page","link":"https:\/\/www.lacourconsultants.fr\/index.php\/plan-de-prevention\/","title":{"rendered":"Plan de pr\u00e9vention"},"content":{"rendered":"\n<figure class=\"wp-block-table is-style-stripes\"><table><tbody><tr><td> <img src=\"https:\/\/www.lacourconsultants.fr\/wp-content\/uploads\/2021\/10\/objectif.png\" alt=\"\" style=\"width: 30px;\"> <strong>Objectifs<\/strong> <\/td><\/tr><tr><td>1. Identifier les obligations l\u00e9gales associ\u00e9es au plan de pr\u00e9vention<br>2. Savoir \u00e9laborer et mettre en \u0153uvre un plan de pr\u00e9vention pour garantir la ma\u00eetrise des risques li\u00e9s aux entreprises ext\u00e9rieures<\/td><\/tr><\/tbody><\/table><\/figure>\n\n\n\n<figure class=\"wp-block-table is-style-stripes\"><table><tbody><tr><td><img src=\"https:\/\/www.lacourconsultants.fr\/wp-content\/uploads\/2021\/10\/prerequis-1.png\" alt=\"\" style=\"width: 30px;\"><strong>Pr\u00e9requis<\/strong><\/td><\/tr><tr><td>1. Notions d\u2019utilisation d\u2019un PC pour la navigation dans le cours.<br>2. Avoir acc\u00e8s \u00e0 un PC avec une connexion internet.<\/td><\/tr><\/tbody><\/table><\/figure>\n\n\n\n<figure class=\"wp-block-table is-style-stripes\"><table><tbody><tr><td class=\"has-text-align-left\" data-align=\"left\"><img src=\"https:\/\/www.lacourconsultants.fr\/wp-content\/uploads\/2021\/10\/definitions-1.png\" alt=\"\" style=\"width: 30px;\"> <strong><strong>Contenu<\/strong><\/strong><\/td><\/tr><tr><td class=\"has-text-align-left\" data-align=\"left\">La dimension r\u00e9glementaire<br>\u2022 P\u00e9rim\u00e8tre du plan de pr\u00e9vention<br>\u2022 Les obligations des entreprises<br>\u2022 Ce que doit contenir un plan de pr\u00e9vention<br>\u2022 Les responsabilit\u00e9s p\u00e9nales et administratives<\/td><\/tr><tr><td class=\"has-text-align-left\" data-align=\"left\">R\u00e9diger son plan de pr\u00e9vention<\/td><\/tr><tr><td class=\"has-text-align-left\" data-align=\"left\">\u2022 Mener l\u2019inspection pr\u00e9alable sur le terrain<br>\u2022 R\u00e9aliser l\u2019analyse commune des risques<br>\u2022 Formaliser son analyse de risques, les documents obligatoires<br>\u2022 Communiquer son plan de pr\u00e9vention<\/td><\/tr><\/tbody><\/table><\/figure>\n\n\n\n<figure class=\"wp-block-table is-style-stripes\"><table><tbody><tr><td><img src=\"https:\/\/www.lacourconsultants.fr\/wp-content\/uploads\/2021\/10\/pedagogie.png\" alt=\"\" style=\"width: 30px;\"><strong> <strong>P\u00e9dagogie<\/strong> <\/strong><\/td><\/tr><tr><td>\u2022 Module e-learning avec d\u00e9coupage p\u00e9dagogique personnalis\u00e9.<br>\u2022 P\u00e9dagogie multimodale comprenant des ressources textuelles, vid\u00e9os, illustrations, animation.<br>\u2022 Tutorat individuel<\/td><\/tr><\/tbody><\/table><\/figure>\n\n\n\n<figure class=\"wp-block-table is-style-stripes\"><table><tbody><tr><td><img src=\"https:\/\/www.lacourconsultants.fr\/wp-content\/uploads\/2021\/10\/etudiant.png\" alt=\"\" style=\"width: 30px;\"><strong><strong><strong>Type public<\/strong><\/strong><\/strong><\/td><\/tr><tr><td>Responsable Sant\u00e9 \u2013 S\u00e9curit\u00e9 ; Pr\u00e9venteur ; Responsable travaux neufs et maintenance.<\/td><\/tr><\/tbody><\/table><\/figure>\n\n\n\n<figure class=\"wp-block-table is-style-stripes\"><table><tbody><tr><td><img src=\"https:\/\/www.lacourconsultants.fr\/wp-content\/uploads\/2021\/10\/pedagogie.png\" alt=\"\" style=\"width: 30px;\"> <strong>M\u00e9thode d\u2019\u00e9valuation<\/strong><\/td><\/tr><tr><td>Evaluations formative et sommative sous forme d\u2019activit\u00e9s p\u00e9dagogiques (QCM\u2026)<\/td><\/tr><\/tbody><\/table><\/figure>\n\n\n\n<figure class=\"wp-block-table is-style-stripes\"><table><tbody><tr><td><img src=\"https:\/\/www.lacourconsultants.fr\/wp-content\/uploads\/2021\/10\/etudiant.png\" style=\"width: 30px;\" alt=\"\"><strong><strong>Encadrement e-learning<\/strong><\/strong><\/td><\/tr><tr><td><strong>En fonction des besoins formation avec ou sans tutorat :<\/strong> le E-tuteur r\u00e9alise le suivi des statistiques directement sur la plateforme LMS (Learning Management System) et reste \u00e0 disposition du stagiaire par mail, par t\u00e9l\u00e9phone, si besoin par Skype.<br><br><strong>Fonction support : <\/strong>mise \u00e0 disposition du stagiaire durant les heures ouvrables du Centre de formation d\u2019un contact pour assurer la maitrise de l\u2019environnement d\u2019apprentissage et faciliter la planification de l\u2019apprentissage.<\/td><\/tr><\/tbody><\/table><\/figure>\n\n\n\n<figure class=\"wp-block-table is-style-stripes\"><table><tbody><tr><td> <img src=\"https:\/\/www.lacourconsultants.fr\/wp-content\/uploads\/2021\/10\/accessibilite.png\" alt=\"\" style=\"width: 30px;\"> <strong><strong><strong>Accessibilit\u00e9<\/strong><\/strong><\/strong><\/td><\/tr><tr><td>LACOUR Consultants \u00e9tudiera l\u2019adaptation des moyens de la prestation pour les personnes en situation de handicap.<\/td><\/tr><\/tbody><\/table><\/figure>\n\n\n\n<figure class=\"wp-block-table is-style-stripes\"><table><tbody><tr><td><img src=\"https:\/\/www.lacourconsultants.fr\/wp-content\/uploads\/2021\/10\/delai.png\" alt=\"\" style=\"width: 30px;\"> <strong><strong><strong><strong>D\u00e9lais d\u2019acc\u00e8s<\/strong> <\/strong><\/strong><\/strong><\/td><\/tr><tr><td>Si vous d\u00e9sirez une formation en INTRA, vous pouvez nous faire part de votre besoin. Ouverture de formation sous 15 jours apr\u00e8s signature de convention. <br>INTER\u00a0: sans objet\u00a0<\/td><\/tr><\/tbody><\/table><\/figure>\n\n\n\n<figure class=\"wp-block-table is-style-stripes\"><table><tbody><tr><td> <img src=\"https:\/\/www.lacourconsultants.fr\/wp-content\/uploads\/2021\/10\/definitions-1.png\" alt=\"\" style=\"width: 30px;\">  <strong><strong><strong><strong><strong>Formation<\/strong><\/strong> <\/strong><\/strong><\/strong><\/td><\/tr><tr><td><strong>TARIF : 60\u20ac SANS TUTORAT<br>300\u20ac AVEC TUTORAT (2 X 1 HEURE)<\/strong><br><strong>DUR\u00c9E : <\/strong>Temps d\u2019assiduit\u00e9 2 heures<br><strong>PAS DE PRESENTIEL<\/strong><br><\/td><\/tr><tr><td><strong>Partie \u00e0 distance :<\/strong><br>\u2022 Affectation du cursus de formation adapt\u00e9 \u00e0 l\u2019apprenant.<br>\u2022 L\u2019apprenant re\u00e7oit un courriel avec son identifiant et mot de passe.<br>\u2022 L\u2019apprenant est inform\u00e9 qu\u2019il peut communiquer avec son tuteur tout au long de sa formation.<br>\u2022 Formation E-learning valid\u00e9e par la d\u00e9livrance d\u2019une attestation de formation individuelle.<\/td><\/tr><\/tbody><\/table><\/figure>\n\n\n\n<p><\/p>\n\n\n\n<p class=\"has-text-align-center\"><em>Page actualis\u00e9e le 22 Octobre 2021<\/em><\/p>\n","protected":false},"excerpt":{"rendered":"<p>Objectifs 1. Identifier les obligations l\u00e9gales associ\u00e9es au plan de pr\u00e9vention2. Savoir \u00e9laborer et mettre en \u0153uvre un plan de pr\u00e9vention pour garantir la ma\u00eetrise des risques li\u00e9s aux entreprises&hellip;<\/p>\n","protected":false},"author":1,"featured_media":0,"parent":0,"menu_order":0,"comment_status":"closed","ping_status":"closed","template":"","meta":[],"_links":{"self":[{"href":"https:\/\/www.lacourconsultants.fr\/index.php\/wp-json\/wp\/v2\/pages\/596"}],"collection":[{"href":"https:\/\/www.lacourconsultants.fr\/index.php\/wp-json\/wp\/v2\/pages"}],"about":[{"href":"https:\/\/www.lacourconsultants.fr\/index.php\/wp-json\/wp\/v2\/types\/page"}],"author":[{"embeddable":true,"href":"https:\/\/www.lacourconsultants.fr\/index.php\/wp-json\/wp\/v2\/users\/1"}],"replies":[{"embeddable":true,"href":"https:\/\/www.lacourconsultants.fr\/index.php\/wp-json\/wp\/v2\/comments?post=596"}],"version-history":[{"count":3,"href":"https:\/\/www.lacourconsultants.fr\/index.php\/wp-json\/wp\/v2\/pages\/596\/revisions"}],"predecessor-version":[{"id":662,"href":"https:\/\/www.lacourconsultants.fr\/index.php\/wp-json\/wp\/v2\/pages\/596\/revisions\/662"}],"wp:attachment":[{"href":"https:\/\/www.lacourconsultants.fr\/index.php\/wp-json\/wp\/v2\/media?parent=596"}],"curies":[{"name":"wp","href":"https:\/\/api.w.org\/{rel}","templated":true}]}}