{"id":613,"date":"2021-10-16T16:47:16","date_gmt":"2021-10-16T14:47:16","guid":{"rendered":"https:\/\/www.lacourconsultants.fr\/?page_id=613"},"modified":"2021-10-23T11:48:22","modified_gmt":"2021-10-23T09:48:22","slug":"word","status":"publish","type":"page","link":"https:\/\/www.lacourconsultants.fr\/index.php\/word\/","title":{"rendered":"Word"},"content":{"rendered":"\n<figure class=\"wp-block-table is-style-stripes\"><table><tbody><tr><td><img src=\"https:\/\/www.lacourconsultants.fr\/wp-content\/uploads\/2021\/10\/objectif.png\" alt=\"\" style=\"width: 30px;\"> <strong>Objectif<\/strong><\/td><\/tr><tr><td>\u2022 Ma\u00eetriser les fonctions principales du traitement texte Word pour cr\u00e9er ou modifier des documents avec Word.<\/td><\/tr><\/tbody><\/table><\/figure>\n\n\n\n<figure class=\"wp-block-table is-style-stripes\"><table><tbody><tr><td><img src=\"https:\/\/www.lacourconsultants.fr\/wp-content\/uploads\/2021\/10\/prerequis-1.png\" alt=\"\" style=\"width: 30px;\"><strong>Pr\u00e9requis<\/strong><\/td><\/tr><tr><td>1. Notions d\u2019utilisation d\u2019un PC pour la navigation dans le cours.<br>2. Avoir acc\u00e8s \u00e0 un PC avec une connexion internet.<\/td><\/tr><\/tbody><\/table><\/figure>\n\n\n\n<figure class=\"wp-block-table is-style-stripes\"><table><tbody><tr><td class=\"has-text-align-left\" data-align=\"left\"><img src=\"https:\/\/www.lacourconsultants.fr\/wp-content\/uploads\/2021\/10\/definitions-1.png\" alt=\"\" style=\"width: 30px;\"> <strong><strong>Contenu<\/strong><\/strong><\/td><\/tr><tr><td class=\"has-text-align-left\" data-align=\"left\"><strong>Prise en main de Word<\/strong><br>\u2022 Pr\u00e9sentation de l\u2019environnement.<br>\u2022 Gestion de document : ouverture, cr\u00e9ation, d\u00e9placement, enregistrement.<br>\u2022 Les principaux formats d\u2019enregistrement de fichiers (doc, docx, pdf\u2026)<\/td><\/tr><tr><td class=\"has-text-align-left\" data-align=\"left\"><strong>M\u00e9thodologie de saisie efficace<\/strong><\/td><\/tr><tr><td class=\"has-text-align-left\" data-align=\"left\">\u2022 R\u00e8gles de saisie : affichage des caract\u00e8res non imprimables, r\u00e8gles de typographie.<br>\u2022 Saisie au km, s\u00e9lection, suppression, copier, d\u00e9placer du texte.<br>\u2022 Gestion de paragraphes<\/td><\/tr><tr><td class=\"has-text-align-left\" data-align=\"left\"><strong>Mise en page du document<\/strong><\/td><\/tr><tr><td class=\"has-text-align-left\" data-align=\"left\">\u2022 Mise en forme des caract\u00e8res : couleur, casse, police, coupure de mot, caract\u00e8res sp\u00e9ciaux.<br>\u2022 Application d\u2019un style rapide, d\u2019un th\u00e8me.<br>\u2022 Utilisation du presse-papier et de la reproduction de la mise en forme.<br>\u2022 Mise en forme des paragraphes : retrait alignement, espacement, interligne.<br>\u2022 Utilisation des sauts de page et num\u00e9rotation.<br>\u2022 Insertion d\u2019un en-t\u00eate et pied de page.<br>\u2022 Utilisation de tabulations.<br>\u2022 Gestion des listes \u00e0 puces, des listes num\u00e9rot\u00e9es ou des listes \u00e0 plusieurs niveaux.<br>\u2022 L\u2019outil Rechercher \/ Remplacer et ses options de recherche.<br>\u2022 V\u00e9rification orthographique et grammaticale, gestion d\u2019un dictionnaire personnel.<br>\u2022 Recherche de synonymes ou de traductions.<br>\u2022 Cr\u00e9ation, mise en forme, modification d\u2019un tableau.<br>\u2022 Insertion d\u2019objets : illustrations, WordArt, image, graphique, SmartArt.<\/td><\/tr><tr><td class=\"has-text-align-left\" data-align=\"left\"><strong>Le publipostage<\/strong><\/td><\/tr><tr><td class=\"has-text-align-left\" data-align=\"left\">\u2022 Cr\u00e9ation, modification, ajout et tri de destinataires.<br>\u2022 Insertion de champ pour la fusion, texte conditionnel.<br>\u2022 R\u00e9alisation d\u2019un mailing, d\u2019enveloppes ou d\u2019\u00e9tiquettes.<\/td><\/tr><tr><td class=\"has-text-align-left\" data-align=\"left\"><strong>Finition du document<\/strong><\/td><\/tr><tr><td class=\"has-text-align-left\" data-align=\"left\">\u2022 Mise en page du document et param\u00e9trage de l\u2019impression.<br>\u2022 Edition et gestion des documents au format PDF.<\/td><\/tr><\/tbody><\/table><\/figure>\n\n\n\n<figure class=\"wp-block-table is-style-stripes\"><table><tbody><tr><td><img src=\"https:\/\/www.lacourconsultants.fr\/wp-content\/uploads\/2021\/10\/pedagogie.png\" alt=\"\" style=\"width: 30px;\"><strong> <strong>P\u00e9dagogie<\/strong> <\/strong><\/td><\/tr><tr><td>\u2022 Module e-learning avec d\u00e9coupage p\u00e9dagogique personnalis\u00e9.<br>\u2022 P\u00e9dagogie multimodale comprenant des ressources textuelles, vid\u00e9os, illustrations, animation.<br>\u2022 Tutorat individuel<\/td><\/tr><\/tbody><\/table><\/figure>\n\n\n\n<figure class=\"wp-block-table is-style-stripes\"><table><tbody><tr><td><img src=\"https:\/\/www.lacourconsultants.fr\/wp-content\/uploads\/2021\/10\/etudiant.png\" alt=\"\" style=\"width: 30px;\"><strong><strong><strong>Type public<\/strong><\/strong><\/strong><\/td><\/tr><tr><td>Tout utilisateur d\u00e9butant amen\u00e9 \u00e0 traiter des documents avec Word.<\/td><\/tr><\/tbody><\/table><\/figure>\n\n\n\n<figure class=\"wp-block-table is-style-stripes\"><table><tbody><tr><td><img src=\"https:\/\/www.lacourconsultants.fr\/wp-content\/uploads\/2021\/10\/pedagogie.png\" alt=\"\" style=\"width: 30px;\"> <strong>M\u00e9thode d\u2019\u00e9valuation<\/strong><\/td><\/tr><tr><td>Evaluations formative et sommative sous forme d\u2019activit\u00e9s p\u00e9dagogiques (QCM\u2026)<\/td><\/tr><\/tbody><\/table><\/figure>\n\n\n\n<figure class=\"wp-block-table is-style-stripes\"><table><tbody><tr><td><img src=\"https:\/\/www.lacourconsultants.fr\/wp-content\/uploads\/2021\/10\/etudiant.png\" style=\"width: 30px;\" alt=\"\"><strong><strong>Encadrement e-learning<\/strong><\/strong><\/td><\/tr><tr><td><strong>En fonction des besoins formation avec ou sans tutorat :<\/strong> le E-tuteur r\u00e9alise le suivi des statistiques directement sur la plateforme LMS (Learning Management System) et reste \u00e0 disposition du stagiaire par mail, par t\u00e9l\u00e9phone, si besoin par Skype.<br><br><strong>Fonction support : <\/strong>mise \u00e0 disposition du stagiaire durant les heures ouvrables du Centre de formation d\u2019un contact pour assurer la maitrise de l\u2019environnement d\u2019apprentissage et faciliter la planification de l\u2019apprentissage.<\/td><\/tr><\/tbody><\/table><\/figure>\n\n\n\n<figure class=\"wp-block-table is-style-stripes\"><table><tbody><tr><td> <img src=\"https:\/\/www.lacourconsultants.fr\/wp-content\/uploads\/2021\/10\/accessibilite.png\" alt=\"\" style=\"width: 30px;\"> <strong><strong><strong>Accessibilit\u00e9<\/strong><\/strong><\/strong><\/td><\/tr><tr><td>LACOUR Consultants \u00e9tudiera l\u2019adaptation des moyens de la prestation pour les personnes en situation de handicap.<\/td><\/tr><\/tbody><\/table><\/figure>\n\n\n\n<figure class=\"wp-block-table is-style-stripes\"><table><tbody><tr><td><img src=\"https:\/\/www.lacourconsultants.fr\/wp-content\/uploads\/2021\/10\/delai.png\" alt=\"\" style=\"width: 30px;\"> <strong><strong><strong><strong>D\u00e9lais d\u2019acc\u00e8s<\/strong> <\/strong><\/strong><\/strong><\/td><\/tr><tr><td>Si vous d\u00e9sirez une formation en INTRA, vous pouvez nous faire part de votre besoin. Ouverture de formation sous 15 jours apr\u00e8s signature de convention.<br>INTER\u00a0: sans objet\u00a0<\/td><\/tr><\/tbody><\/table><\/figure>\n\n\n\n<figure class=\"wp-block-table is-style-stripes\"><table><tbody><tr><td> <img src=\"https:\/\/www.lacourconsultants.fr\/wp-content\/uploads\/2021\/10\/definitions-1.png\" alt=\"\" style=\"width: 30px;\">  <strong><strong><strong><strong><strong>Formation<\/strong><\/strong> <\/strong><\/strong><\/strong><\/td><\/tr><tr><td><strong>TARIF : 60\u20ac SANS TUTORAT<br>500\u20ac AVEC TUTORAT (3 X 1H30)<br>DUR\u00c9E : <\/strong>Temps d\u2019assiduit\u00e9 3 heures 50.<strong><br>PAS DE PRESENTIEL<\/strong><br><\/td><\/tr><tr><td><strong>Partie \u00e0 distance :<\/strong><br>\u2022 Affectation du cursus de formation adapt\u00e9 \u00e0 l\u2019apprenant.<br>\u2022 L\u2019apprenant re\u00e7oit un courriel avec son identifiant et mot de passe.<br>\u2022 L\u2019apprenant est inform\u00e9 qu\u2019il peut communiquer avec son tuteur tout au long de sa formation.<br>\u2022 Formation E-learning valid\u00e9e par la d\u00e9livrance d\u2019une attestation de formation individuelle.<\/td><\/tr><\/tbody><\/table><\/figure>\n\n\n\n<p><\/p>\n\n\n\n<p class=\"has-text-align-center\"><em>Page actualis\u00e9e le 22 Octobre 2021<\/em><\/p>\n","protected":false},"excerpt":{"rendered":"<p>Objectif \u2022 Ma\u00eetriser les fonctions principales du traitement texte Word pour cr\u00e9er ou modifier des documents avec Word. Pr\u00e9requis 1. Notions d\u2019utilisation d\u2019un PC pour la navigation dans le cours.2.&hellip;<\/p>\n","protected":false},"author":1,"featured_media":0,"parent":0,"menu_order":0,"comment_status":"closed","ping_status":"closed","template":"","meta":[],"_links":{"self":[{"href":"https:\/\/www.lacourconsultants.fr\/index.php\/wp-json\/wp\/v2\/pages\/613"}],"collection":[{"href":"https:\/\/www.lacourconsultants.fr\/index.php\/wp-json\/wp\/v2\/pages"}],"about":[{"href":"https:\/\/www.lacourconsultants.fr\/index.php\/wp-json\/wp\/v2\/types\/page"}],"author":[{"embeddable":true,"href":"https:\/\/www.lacourconsultants.fr\/index.php\/wp-json\/wp\/v2\/users\/1"}],"replies":[{"embeddable":true,"href":"https:\/\/www.lacourconsultants.fr\/index.php\/wp-json\/wp\/v2\/comments?post=613"}],"version-history":[{"count":4,"href":"https:\/\/www.lacourconsultants.fr\/index.php\/wp-json\/wp\/v2\/pages\/613\/revisions"}],"predecessor-version":[{"id":657,"href":"https:\/\/www.lacourconsultants.fr\/index.php\/wp-json\/wp\/v2\/pages\/613\/revisions\/657"}],"wp:attachment":[{"href":"https:\/\/www.lacourconsultants.fr\/index.php\/wp-json\/wp\/v2\/media?parent=613"}],"curies":[{"name":"wp","href":"https:\/\/api.w.org\/{rel}","templated":true}]}}