{"id":93,"date":"2015-09-08T14:43:41","date_gmt":"2015-09-08T13:43:41","guid":{"rendered":"http:\/\/www.lacourconsultants.fr\/?page_id=93"},"modified":"2021-09-26T12:02:11","modified_gmt":"2021-09-26T10:02:11","slug":"accompagnement_certification_qualiopi","status":"publish","type":"page","link":"https:\/\/www.lacourconsultants.fr\/index.php\/accompagnement_certification_qualiopi\/","title":{"rendered":"Accompagnement Certification Qualiopi"},"content":{"rendered":"<p>La certification Qualiopi sera n\u00e9cessaire \u00e0 partir du 1er janvier 2022 pour tout organisme de<br>formation souhaitant recevoir des fonds publics mutualis\u00e9s.<br>LACOUR CONSULTANTS propose un accompagnement \u00e0 la certification Qualiopi d\u2019une mani\u00e8re<br>personnalis\u00e9e et adapt\u00e9e \u00e0 votre activit\u00e9.<br>Votre accompagnement \u00e0 la certification Qualiopi sera r\u00e9alis\u00e9 avec notre auditeur certifi\u00e9 AFNOR<br>Comp\u00e9tences.<\/p>\n<p>Notre accompagnement \u00e0 la certification Qualiopi consiste en&nbsp;:<\/p>\n<ul>\n<li>Une pr\u00e9sentation g\u00e9n\u00e9rale initiale de Qualiopi<\/li>\n<li>Un diagnostic pr\u00e9sentant les \u00e9l\u00e9ments existants et les actions \u00e0 mener<\/li>\n<li>Un travail d\u2019\u00e9criture des processus et de s\u00e9lection ou \u00e9laboration des \u00e9l\u00e9ments de preuve<br>(sur chaque indicateur avec les personnes concern\u00e9es)<\/li>\n<li>Une synth\u00e8se pr\u00e9sentant les conformit\u00e9s et \u00e9carts, avec les actions \u00e0 mener (processus \/<br>\u00e9l\u00e9ments de preuve)<\/li>\n<li>Pr\u00e9paration \u00e0 l\u2019audit (gestion des diff\u00e9rentes \u00e9tapes et partie orale)<\/li>\n<li>Un audit \u00e0 blanc (option conseill\u00e9e)<\/li>\n<\/ul>\n<p>Contactez notre responsable formation au 06.69.03.36.04.<\/p>\n\n\n<figure class=\"wp-block-image size-large\"><img loading=\"lazy\" width=\"492\" height=\"195\" src=\"https:\/\/www.lacourconsultants.fr\/wp-content\/uploads\/2021\/05\/LogoQualiopi-e1621452006107.jpg\" alt=\"\" class=\"wp-image-349\" srcset=\"https:\/\/www.lacourconsultants.fr\/wp-content\/uploads\/2021\/05\/LogoQualiopi-e1621452006107.jpg 492w, https:\/\/www.lacourconsultants.fr\/wp-content\/uploads\/2021\/05\/LogoQualiopi-e1621452006107-300x119.jpg 300w\" sizes=\"(max-width: 492px) 100vw, 492px\" \/><\/figure>\n","protected":false},"excerpt":{"rendered":"<p>La certification Qualiopi sera n\u00e9cessaire \u00e0 partir du 1er janvier 2022 pour tout organisme deformation souhaitant recevoir des fonds publics mutualis\u00e9s.LACOUR CONSULTANTS propose un accompagnement \u00e0 la certification Qualiopi d\u2019une&hellip;<\/p>\n","protected":false},"author":1,"featured_media":0,"parent":0,"menu_order":0,"comment_status":"closed","ping_status":"closed","template":"page-penci-full-width.php","meta":[],"_links":{"self":[{"href":"https:\/\/www.lacourconsultants.fr\/index.php\/wp-json\/wp\/v2\/pages\/93"}],"collection":[{"href":"https:\/\/www.lacourconsultants.fr\/index.php\/wp-json\/wp\/v2\/pages"}],"about":[{"href":"https:\/\/www.lacourconsultants.fr\/index.php\/wp-json\/wp\/v2\/types\/page"}],"author":[{"embeddable":true,"href":"https:\/\/www.lacourconsultants.fr\/index.php\/wp-json\/wp\/v2\/users\/1"}],"replies":[{"embeddable":true,"href":"https:\/\/www.lacourconsultants.fr\/index.php\/wp-json\/wp\/v2\/comments?post=93"}],"version-history":[{"count":3,"href":"https:\/\/www.lacourconsultants.fr\/index.php\/wp-json\/wp\/v2\/pages\/93\/revisions"}],"predecessor-version":[{"id":358,"href":"https:\/\/www.lacourconsultants.fr\/index.php\/wp-json\/wp\/v2\/pages\/93\/revisions\/358"}],"wp:attachment":[{"href":"https:\/\/www.lacourconsultants.fr\/index.php\/wp-json\/wp\/v2\/media?parent=93"}],"curies":[{"name":"wp","href":"https:\/\/api.w.org\/{rel}","templated":true}]}}